{"id":1077,"date":"2022-06-17T17:11:15","date_gmt":"2022-06-17T15:11:15","guid":{"rendered":"https:\/\/jobbooster-enterprises.com\/?page_id=1077"},"modified":"2022-08-23T11:34:41","modified_gmt":"2022-08-23T09:34:41","slug":"valeurs-fondamentales","status":"publish","type":"page","link":"https:\/\/jobbooster-enterprises.com\/fr\/over-ons\/kernwaarden\/","title":{"rendered":"Valeurs fondamentales"},"content":{"rendered":"<h4>Vision de la vie chr\u00e9tienne<\/h4>\n<h2>Nos valeurs fondamentales<\/h2>\n<p><strong>Nos professionnels sont anim\u00e9s par une vision chr\u00e9tienne de la vie. Celle-ci constitue la base de nos valeurs fondamentales.<\/strong><\/p>\n<h3>Impact \u00e0 long terme<\/h3>\n<p>En tant qu'entreprise sociale, nous nous concentrons sur l'impact. Nous visons un impact \u00e0 long terme parce que nous croyons que chaque personne, quelle que soit son origine, a droit \u00e0 un travail digne, dans lequel ses dons et ses talents peuvent s\u2019\u00e9panouir. M\u00eame si cela prend beaucoup de temps.<\/p>\n<h3>Responsabilit\u00e9<\/h3>\n<p>Nous nous sentons responsables de nos clients, des talents que nous supervisons et des soci\u00e9t\u00e9s dans lesquelles nous op\u00e9rons, et nous attendons de nos clients ce m\u00eame sens de responsabilit\u00e9s.. Nous demandons \u00e0 tous de prendre sa responsabilit\u00e9 car nous sommes convaincus qu'en tant que \"stewards\", les organisations et les jeunes peuvent apporter une contribution significative \u00e0 la soci\u00e9t\u00e9.<\/p>\n<h3>Qualit\u00e9<\/h3>\n<p>Nous sommes synonymes de qualit\u00e9 et nous exigeons la qualit\u00e9 parce que nous voulons que les personnes et les organisations s'\u00e9panouissent afin qu'elles puissent utiliser leur responsabilit\u00e9, leurs dons et leurs talents de mani\u00e8re significative pour la soci\u00e9t\u00e9.<\/p>\n<h3>Inclusion<\/h3>\n<p>Nous optons pour l'inclusion car nous croyons que chaque \u00eatre humain est cr\u00e9\u00e9 avec des dons et des talents uniques.  Nous nous effor\u00e7ons d'assurer l'\u00e9galit\u00e9 des chances sur le march\u00e9 du travail tout en faisant un effort suppl\u00e9mentaire pour les groupes d\u00e9favoris\u00e9s.<\/p>","protected":false},"excerpt":{"rendered":"<p>Gedreven door een christelijke levensvisie Onze kernwaarden Onze professionals worden gedreven door een christelijke levensvisie. Die vormt de basis onder onze kernwaarden. Langetermijn impact Als social enterprise richten we ons op impact. We gaan voor lange-termijn impact omdat we geloven dat ieder mens, ongeacht afkomst, recht heeft op waardig werk, waarbij gaven en talenten tot [&hellip;]<\/p>\n","protected":false},"author":1,"featured_media":1977,"parent":35,"menu_order":0,"comment_status":"closed","ping_status":"closed","template":"","meta":{"footnotes":""},"paginagroep":[32],"soort-pagina":[28],"class_list":["post-1077","page","type-page","status-publish","has-post-thumbnail","hentry","paginagroep-over-ons","soort-pagina-standaard-contentpagina"],"_links":{"self":[{"href":"https:\/\/jobbooster-enterprises.com\/fr\/wp-json\/wp\/v2\/pages\/1077","targetHints":{"allow":["GET"]}}],"collection":[{"href":"https:\/\/jobbooster-enterprises.com\/fr\/wp-json\/wp\/v2\/pages"}],"about":[{"href":"https:\/\/jobbooster-enterprises.com\/fr\/wp-json\/wp\/v2\/types\/page"}],"author":[{"embeddable":true,"href":"https:\/\/jobbooster-enterprises.com\/fr\/wp-json\/wp\/v2\/users\/1"}],"replies":[{"embeddable":true,"href":"https:\/\/jobbooster-enterprises.com\/fr\/wp-json\/wp\/v2\/comments?post=1077"}],"version-history":[{"count":3,"href":"https:\/\/jobbooster-enterprises.com\/fr\/wp-json\/wp\/v2\/pages\/1077\/revisions"}],"predecessor-version":[{"id":2054,"href":"https:\/\/jobbooster-enterprises.com\/fr\/wp-json\/wp\/v2\/pages\/1077\/revisions\/2054"}],"up":[{"embeddable":true,"href":"https:\/\/jobbooster-enterprises.com\/fr\/wp-json\/wp\/v2\/pages\/35"}],"wp:featuredmedia":[{"embeddable":true,"href":"https:\/\/jobbooster-enterprises.com\/fr\/wp-json\/wp\/v2\/media\/1977"}],"wp:attachment":[{"href":"https:\/\/jobbooster-enterprises.com\/fr\/wp-json\/wp\/v2\/media?parent=1077"}],"wp:term":[{"taxonomy":"paginagroep","embeddable":true,"href":"https:\/\/jobbooster-enterprises.com\/fr\/wp-json\/wp\/v2\/paginagroep?post=1077"},{"taxonomy":"soort-pagina","embeddable":true,"href":"https:\/\/jobbooster-enterprises.com\/fr\/wp-json\/wp\/v2\/soort-pagina?post=1077"}],"curies":[{"name":"wp","href":"https:\/\/api.w.org\/{rel}","templated":true}]}}