{"id":1081,"date":"2022-06-17T17:11:40","date_gmt":"2022-06-17T15:11:40","guid":{"rendered":"https:\/\/jobbooster-enterprises.com\/?page_id=1081"},"modified":"2022-08-23T11:33:53","modified_gmt":"2022-08-23T09:33:53","slug":"mission-et-vision","status":"publish","type":"page","link":"https:\/\/jobbooster-enterprises.com\/fr\/over-ons\/missie-en-visie\/","title":{"rendered":"Mission et vision"},"content":{"rendered":"<h2>D\u00e9velopper les dons et les talents<\/h2>\n<h3>Notre mission<\/h3>\n<p>Tout \u00eatre humain a droit \u00e0 un travail digne, dans lequel ses dons et ses talents peuvent s\u2019\u00e9panouir. Cela a un impact \u00e0 long terme : sur le d\u00e9veloppement personnel des personnes, mais aussi sur la soci\u00e9t\u00e9 enti\u00e8re. Nous nous effor\u00e7ons de faire en sorte que les jeunes des pays \u00e0 revenu faible ou interm\u00e9diaire d\u00e9veloppent leurs dons et leurs talents, s'\u00e9panouissent et apportent une contribution significative \u00e0 la soci\u00e9t\u00e9 en tant qu\u2019employ\u00e9 ou en tant qu\u2019entrepreneur..<\/p>\n<h3>Notre vision<\/h3>\n<p>Nous travaillons \u00e0 la r\u00e9alisation de notre mission dans les pays \u00e0 revenu faible et interm\u00e9diaire, en nous effor\u00e7ant \u00e0 :<br \/>\n- Rapprocher l'offre et la demande pour un travail digne et inclusif<br \/>\n- Promouvoir l'esprit d'entreprise et renforcer les jeunes entrepreneurs<br \/>\n- Am\u00e9liorer la coop\u00e9ration entre les acteurs afin de promouvoir un march\u00e9 du travail inclusif<\/p>\n<h3>Un travail digne et inclusif<\/h3>\n<p>Un travail digne et inclusif et un march\u00e9 du travail inclusif ne sont pas des concepts creux pour nous. Les normes de l'Organisation internationale du Travail relatives au travail digne constituent la base de notre approche. Pour nos clients, et en particulier pour les groupes d\u00e9favoris\u00e9s et d\u00e9savantag\u00e9s, nous aimons aller un peu plus loin.<\/p>\n<p>Le d\u00e9veloppement personnel et organisationnel, l'impact \u00e0 long terme et l'\u00e9galit\u00e9 des chances sont des mots cl\u00e9s.<\/p>\n<p>Nous sommes convaincus que chaque personne est cr\u00e9\u00e9e avec des dons et des talents uniques qui s'\u00e9panouissent lorsqu\u2019 on est en mesure de s\u2019\u00e9panouir,<br \/>\nde subvenir \u00e0 ses besoins et \u00e0 ceux de sa famille et d'apporter une contribution significative au d\u00e9veloppement de l\u2019\u00e9conomie du pays.<\/p>","protected":false},"excerpt":{"rendered":"<p>Ontwikkelen van gaven en talenten Onze missie Ieder mens heeft recht op waardig werk, waarbij gaven en talenten tot bloei komen. Dat heeft lange-termijn impact: in de persoonlijke ontwikkeling van mensen, maar ook in de samenleving waar zij deel vanuit maken. Wij streven ernaar dat jongeren in lage- en middeninkomenslanden, door een baan of eigen [&hellip;]<\/p>\n","protected":false},"author":1,"featured_media":1789,"parent":35,"menu_order":0,"comment_status":"closed","ping_status":"closed","template":"","meta":{"footnotes":""},"paginagroep":[32],"soort-pagina":[28],"class_list":["post-1081","page","type-page","status-publish","has-post-thumbnail","hentry","paginagroep-over-ons","soort-pagina-standaard-contentpagina"],"_links":{"self":[{"href":"https:\/\/jobbooster-enterprises.com\/fr\/wp-json\/wp\/v2\/pages\/1081","targetHints":{"allow":["GET"]}}],"collection":[{"href":"https:\/\/jobbooster-enterprises.com\/fr\/wp-json\/wp\/v2\/pages"}],"about":[{"href":"https:\/\/jobbooster-enterprises.com\/fr\/wp-json\/wp\/v2\/types\/page"}],"author":[{"embeddable":true,"href":"https:\/\/jobbooster-enterprises.com\/fr\/wp-json\/wp\/v2\/users\/1"}],"replies":[{"embeddable":true,"href":"https:\/\/jobbooster-enterprises.com\/fr\/wp-json\/wp\/v2\/comments?post=1081"}],"version-history":[{"count":5,"href":"https:\/\/jobbooster-enterprises.com\/fr\/wp-json\/wp\/v2\/pages\/1081\/revisions"}],"predecessor-version":[{"id":2053,"href":"https:\/\/jobbooster-enterprises.com\/fr\/wp-json\/wp\/v2\/pages\/1081\/revisions\/2053"}],"up":[{"embeddable":true,"href":"https:\/\/jobbooster-enterprises.com\/fr\/wp-json\/wp\/v2\/pages\/35"}],"wp:featuredmedia":[{"embeddable":true,"href":"https:\/\/jobbooster-enterprises.com\/fr\/wp-json\/wp\/v2\/media\/1789"}],"wp:attachment":[{"href":"https:\/\/jobbooster-enterprises.com\/fr\/wp-json\/wp\/v2\/media?parent=1081"}],"wp:term":[{"taxonomy":"paginagroep","embeddable":true,"href":"https:\/\/jobbooster-enterprises.com\/fr\/wp-json\/wp\/v2\/paginagroep?post=1081"},{"taxonomy":"soort-pagina","embeddable":true,"href":"https:\/\/jobbooster-enterprises.com\/fr\/wp-json\/wp\/v2\/soort-pagina?post=1081"}],"curies":[{"name":"wp","href":"https:\/\/api.w.org\/{rel}","templated":true}]}}