{"id":1251,"date":"2022-06-23T16:53:04","date_gmt":"2022-06-23T14:53:04","guid":{"rendered":"https:\/\/jobbooster-enterprises.com\/?page_id=1251"},"modified":"2022-08-23T11:23:21","modified_gmt":"2022-08-23T09:23:21","slug":"pour-les-jeunes","status":"publish","type":"page","link":"https:\/\/jobbooster-enterprises.com\/fr\/wat-wij-doen\/voor-jongeren\/","title":{"rendered":"Pour les jeunes"},"content":{"rendered":"<h4>Offre personnalis\u00e9e<\/h4>\n<h2>Ce que nous faisons pour les jeunes<\/h2>\n<p>Nous offrons un service personnalis\u00e9 aux jeunes pour leur permettre de trouver rapidement un emploi appropri\u00e9 chez l'un des clients de nos agences d'emploi.  Nous privil\u00e9gions toujours une relation de travail \u00e0 long terme et nous accordons une attention particuli\u00e8re aux jeunes issus de situations d\u00e9favoris\u00e9es.<\/p>\n<p>Quelques jours de formation, apprentisage sur le tas ou une formation un peu plus longue ? Nous recherchons  le match parfait, nous d\u00e9veloppons des talents et les mettons en relation avec les demandes sp\u00e9cifiques du march\u00e9 du travail.<\/p>\n<h3>Participation \u00e0 long terme<\/h3>\n<p>Apr\u00e8s le placement, nous voudrions rester  impliqu\u00e9s. Nous proposons des reconversions et des formations suppl\u00e9mentaires dans le cadre d'un partenariat \u00e0 long terme.<br \/>\nLes jeunes sont dynamiques, un emploi n'est pas le point final. C\u2019est pourquoi nous apportons le soutien dont ils ont besoin pour progresser et pour faire \u00e9voluer leur carri\u00e8re. Nous visons la satisfaction de toutes les parties concern\u00e9es.<\/p>\n<h3>Entrepreneuriat<\/h3>\n<p>En outre, nous offrons des formations et des comp\u00e9tences aux jeunes pour qu'ils puissent franchir le pas vers le travail ind\u00e9pendant. Nos prestations :\n-\tNous les guidons dans l'\u00e9laboration de leurs plans d'affaires ;\n-\tNous les mettons en contact avec des experts ;\n-\tNous les aidons \u00e0 trouver des financements. Nous le faisons avec nos partenaires financiers, principalement dans les pays o\u00f9 nous sommes actifs..<\/p>\n<p>Nous restons impliqu\u00e9s en accompagnant les jeunes entrepreneurs dans leur \u00e9volution professionnelle. Par exemple nous sommes l\u00e0 quand ils embaucheront du personnel.<\/p>","protected":false},"excerpt":{"rendered":"<p>Maatwerk Wat wij doen voor jongeren Wij bieden maatwerk aan jongeren om snel aan de slag te kunnen in een functie bij \u00e9\u00e9n van de klanten van onze social enterprises. Wij zijn altijd gericht op een lange-termijn werkrelatie en hebben speciale aandacht voor jongeren uit kansarme situaties. Een training van enkele dagen on the job [&hellip;]<\/p>\n","protected":false},"author":1,"featured_media":1664,"parent":1073,"menu_order":0,"comment_status":"closed","ping_status":"closed","template":"","meta":{"footnotes":""},"paginagroep":[33],"soort-pagina":[28],"class_list":["post-1251","page","type-page","status-publish","has-post-thumbnail","hentry","paginagroep-wat-wij-doen","soort-pagina-standaard-contentpagina"],"_links":{"self":[{"href":"https:\/\/jobbooster-enterprises.com\/fr\/wp-json\/wp\/v2\/pages\/1251","targetHints":{"allow":["GET"]}}],"collection":[{"href":"https:\/\/jobbooster-enterprises.com\/fr\/wp-json\/wp\/v2\/pages"}],"about":[{"href":"https:\/\/jobbooster-enterprises.com\/fr\/wp-json\/wp\/v2\/types\/page"}],"author":[{"embeddable":true,"href":"https:\/\/jobbooster-enterprises.com\/fr\/wp-json\/wp\/v2\/users\/1"}],"replies":[{"embeddable":true,"href":"https:\/\/jobbooster-enterprises.com\/fr\/wp-json\/wp\/v2\/comments?post=1251"}],"version-history":[{"count":5,"href":"https:\/\/jobbooster-enterprises.com\/fr\/wp-json\/wp\/v2\/pages\/1251\/revisions"}],"predecessor-version":[{"id":2048,"href":"https:\/\/jobbooster-enterprises.com\/fr\/wp-json\/wp\/v2\/pages\/1251\/revisions\/2048"}],"up":[{"embeddable":true,"href":"https:\/\/jobbooster-enterprises.com\/fr\/wp-json\/wp\/v2\/pages\/1073"}],"wp:featuredmedia":[{"embeddable":true,"href":"https:\/\/jobbooster-enterprises.com\/fr\/wp-json\/wp\/v2\/media\/1664"}],"wp:attachment":[{"href":"https:\/\/jobbooster-enterprises.com\/fr\/wp-json\/wp\/v2\/media?parent=1251"}],"wp:term":[{"taxonomy":"paginagroep","embeddable":true,"href":"https:\/\/jobbooster-enterprises.com\/fr\/wp-json\/wp\/v2\/paginagroep?post=1251"},{"taxonomy":"soort-pagina","embeddable":true,"href":"https:\/\/jobbooster-enterprises.com\/fr\/wp-json\/wp\/v2\/soort-pagina?post=1251"}],"curies":[{"name":"wp","href":"https:\/\/api.w.org\/{rel}","templated":true}]}}