{"id":1255,"date":"2022-06-23T16:53:44","date_gmt":"2022-06-23T14:53:44","guid":{"rendered":"https:\/\/jobbooster-enterprises.com\/?page_id=1255"},"modified":"2022-08-15T10:25:42","modified_gmt":"2022-08-15T08:25:42","slug":"hr-services-et-connaissance-du-marche","status":"publish","type":"page","link":"https:\/\/jobbooster-enterprises.com\/fr\/wat-wij-doen\/hr-diensten-en-marktkennis\/","title":{"rendered":"Services RH et connaissance du march\u00e9"},"content":{"rendered":"<h4>Un travail digne et inclusif<\/h4>\n<h2>Services RH et connaissance du march\u00e9<\/h2>\n<p><strong>Pour les organisations qui sont ou qui veulent devenir actives dans les pays \u00e0 revenu faible ou interm\u00e9diaire, nous offrons des services RH et notre connaissance du march\u00e9.<\/strong><\/p>\n<p>Un travail digne et inclusif pour les groupes d\u00e9favoris\u00e9s est une condition pr\u00e9alable \u00e0 cela.<br \/>\nVotre organisation a-t-elle des projets dans l'un des pays o\u00f9 nous sommes actifs ? D\u00e9couvrez ce que nous pouvons faire pour vous.<\/p>\n<p>Laissez-nous un message en utilisant le formulaire de contact ou appelez-nous.<\/p>","protected":false},"excerpt":{"rendered":"<p>Waardig en inclusief werk HR-diensten en marktkennis Voor organisaties die actief zijn of willen worden in lage- en middeninkomenslanden bieden wij HR-diensten en marktkennis. Waardig en inclusief werk voor achtergestelde groepen is daarbij voorwaarde. Heeft uw organisatie plannen in een van de landen waar wij actief zijn? Ontdek wat wij voor u kunnen betekenen. Laat [&hellip;]<\/p>\n","protected":false},"author":1,"featured_media":1736,"parent":1073,"menu_order":0,"comment_status":"closed","ping_status":"closed","template":"","meta":{"footnotes":""},"paginagroep":[33],"soort-pagina":[28],"class_list":["post-1255","page","type-page","status-publish","has-post-thumbnail","hentry","paginagroep-wat-wij-doen","soort-pagina-standaard-contentpagina"],"_links":{"self":[{"href":"https:\/\/jobbooster-enterprises.com\/fr\/wp-json\/wp\/v2\/pages\/1255","targetHints":{"allow":["GET"]}}],"collection":[{"href":"https:\/\/jobbooster-enterprises.com\/fr\/wp-json\/wp\/v2\/pages"}],"about":[{"href":"https:\/\/jobbooster-enterprises.com\/fr\/wp-json\/wp\/v2\/types\/page"}],"author":[{"embeddable":true,"href":"https:\/\/jobbooster-enterprises.com\/fr\/wp-json\/wp\/v2\/users\/1"}],"replies":[{"embeddable":true,"href":"https:\/\/jobbooster-enterprises.com\/fr\/wp-json\/wp\/v2\/comments?post=1255"}],"version-history":[{"count":4,"href":"https:\/\/jobbooster-enterprises.com\/fr\/wp-json\/wp\/v2\/pages\/1255\/revisions"}],"predecessor-version":[{"id":1562,"href":"https:\/\/jobbooster-enterprises.com\/fr\/wp-json\/wp\/v2\/pages\/1255\/revisions\/1562"}],"up":[{"embeddable":true,"href":"https:\/\/jobbooster-enterprises.com\/fr\/wp-json\/wp\/v2\/pages\/1073"}],"wp:featuredmedia":[{"embeddable":true,"href":"https:\/\/jobbooster-enterprises.com\/fr\/wp-json\/wp\/v2\/media\/1736"}],"wp:attachment":[{"href":"https:\/\/jobbooster-enterprises.com\/fr\/wp-json\/wp\/v2\/media?parent=1255"}],"wp:term":[{"taxonomy":"paginagroep","embeddable":true,"href":"https:\/\/jobbooster-enterprises.com\/fr\/wp-json\/wp\/v2\/paginagroep?post=1255"},{"taxonomy":"soort-pagina","embeddable":true,"href":"https:\/\/jobbooster-enterprises.com\/fr\/wp-json\/wp\/v2\/soort-pagina?post=1255"}],"curies":[{"name":"wp","href":"https:\/\/api.w.org\/{rel}","templated":true}]}}