{"id":1257,"date":"2022-06-23T16:54:00","date_gmt":"2022-06-23T14:54:00","guid":{"rendered":"https:\/\/jobbooster-enterprises.com\/?page_id=1257"},"modified":"2022-08-23T11:24:58","modified_gmt":"2022-08-23T09:24:58","slug":"sparring-partner","status":"publish","type":"page","link":"https:\/\/jobbooster-enterprises.com\/fr\/wat-wij-doen\/sparringpartner\/","title":{"rendered":"Sparring partner"},"content":{"rendered":"<h2>Un travail digne et inclusif<\/h2>\n<p><strong>Notre r\u00e9seau d'entreprises sociales dans diff\u00e9rents pays, nous permet de stimuler le d\u00e9veloppement d'un march\u00e9 du travail durable et inclusif. Notre objectif : un travail digne et inclusif pour les jeunes qui habitent dans des pays \u00e0 revenu faible et interm\u00e9diaire, afin que les personnes, les entreprises  et les soci\u00e9t\u00e9s puissent s'\u00e9panouir.<\/strong><\/p>\n<p>Les normes de l'Organisation internationale du Travail relatives au travail digne constituent la base de notre approche. Mais nous aimons aller un peu plus loin, en particulier pour les groupes d\u00e9favoris\u00e9s et d\u00e9savantag\u00e9s. Le d\u00e9veloppement personnel et organisationnel, l'impact \u00e0 long terme et l'\u00e9galit\u00e9 des chances sur le march\u00e9 du travail sont au c\u0153ur de notre approche.<\/p>\n<p>Nous agissons en tant que partenaire d\u2019expertise et d'entra\u00eenement pour les autres acteurs sur le march\u00e9 du travail digne et inclusif. Nous croyons qu'en partageant nos connaissances et nos exp\u00e9riences, nous pouvons avancer ensemble. En plus, le changement de syst\u00e8me commence par les acteurs eux-m\u00eames.<\/p>\n<p>Vous avez besoin d'un sparring-partner ou vous voulez partager votre expertise ? Nous aimerions entrer en contact avec vous. Laissez un message en utilisant le formulaire de contact ou appelez-nous.<\/p>","protected":false},"excerpt":{"rendered":"<p>Waardig en inclusief werk Met een netwerk van social enterprises in diverse landen stimuleren we de ontwikkeling van een duurzame en inclusieve arbeidsmarkt. Ons doel: waardig en inclusief werk voor jongeren in lage- en middeninkomenslanden zodat mensen, organisaties \u00e9n samenlevingen tot bloei komen. De maatstaven die de International Labour Organization stelt aan fatsoenlijk werk vormen [&hellip;]<\/p>\n","protected":false},"author":1,"featured_media":1665,"parent":1073,"menu_order":0,"comment_status":"closed","ping_status":"closed","template":"","meta":{"footnotes":""},"paginagroep":[33],"soort-pagina":[28],"class_list":["post-1257","page","type-page","status-publish","has-post-thumbnail","hentry","paginagroep-wat-wij-doen","soort-pagina-standaard-contentpagina"],"_links":{"self":[{"href":"https:\/\/jobbooster-enterprises.com\/fr\/wp-json\/wp\/v2\/pages\/1257","targetHints":{"allow":["GET"]}}],"collection":[{"href":"https:\/\/jobbooster-enterprises.com\/fr\/wp-json\/wp\/v2\/pages"}],"about":[{"href":"https:\/\/jobbooster-enterprises.com\/fr\/wp-json\/wp\/v2\/types\/page"}],"author":[{"embeddable":true,"href":"https:\/\/jobbooster-enterprises.com\/fr\/wp-json\/wp\/v2\/users\/1"}],"replies":[{"embeddable":true,"href":"https:\/\/jobbooster-enterprises.com\/fr\/wp-json\/wp\/v2\/comments?post=1257"}],"version-history":[{"count":5,"href":"https:\/\/jobbooster-enterprises.com\/fr\/wp-json\/wp\/v2\/pages\/1257\/revisions"}],"predecessor-version":[{"id":2049,"href":"https:\/\/jobbooster-enterprises.com\/fr\/wp-json\/wp\/v2\/pages\/1257\/revisions\/2049"}],"up":[{"embeddable":true,"href":"https:\/\/jobbooster-enterprises.com\/fr\/wp-json\/wp\/v2\/pages\/1073"}],"wp:featuredmedia":[{"embeddable":true,"href":"https:\/\/jobbooster-enterprises.com\/fr\/wp-json\/wp\/v2\/media\/1665"}],"wp:attachment":[{"href":"https:\/\/jobbooster-enterprises.com\/fr\/wp-json\/wp\/v2\/media?parent=1257"}],"wp:term":[{"taxonomy":"paginagroep","embeddable":true,"href":"https:\/\/jobbooster-enterprises.com\/fr\/wp-json\/wp\/v2\/paginagroep?post=1257"},{"taxonomy":"soort-pagina","embeddable":true,"href":"https:\/\/jobbooster-enterprises.com\/fr\/wp-json\/wp\/v2\/soort-pagina?post=1257"}],"curies":[{"name":"wp","href":"https:\/\/api.w.org\/{rel}","templated":true}]}}