{"id":1569,"date":"2022-06-27T11:38:43","date_gmt":"2022-06-27T09:38:43","guid":{"rendered":"https:\/\/jobbooster-enterprises.com\/?page_id=1569"},"modified":"2022-08-23T11:28:48","modified_gmt":"2022-08-23T09:28:48","slug":"ce-qui-nous-conduit","status":"publish","type":"page","link":"https:\/\/jobbooster-enterprises.com\/fr\/over-ons\/wat-ons-drijft\/","title":{"rendered":"Notre motivation"},"content":{"rendered":"<h2>Durable et inclusif<\/h2>\n<p>Nous croyons que chaque personne est cr\u00e9\u00e9e avec des dons et des talents uniques. Nous croyons que chaque personne peut utiliser ces dons et ces talents pour le bien de la soci\u00e9t\u00e9. Dans de nombreux pays \u00e0 revenu faible ou interm\u00e9diaire, nous constatons que les talents ne sont pas ou pas suffisamment d\u00e9velopp\u00e9s et que les organisations ne sont pas suffisamment en mesure de trouver et de retenir les bons talents.<\/p>\n<p>Job Booster Enterprises veut prendre sa responsabilit\u00e9 dans le syst\u00e8me mondial du march\u00e9 du travail en d\u00e9veloppant des talents et en connectant l'offre et la demande sur un march\u00e9 du travail inclusif. De cette fa\u00e7on, les jeunes, les entreprises et les soci\u00e9t\u00e9s peuvent s'\u00e9panouir et les groupes d\u00e9favoris\u00e9s peuvent  b\u00e9n\u00e9ficier de l'\u00e9galit\u00e9 des chances sur le march\u00e9 du travail.<\/p>","protected":false},"excerpt":{"rendered":"<p>Duurzaam en inclusief Wij geloven dat ieder mens geschapen is met unieke gaven en talenten. Wij geloven dat ieder mens deze gaven en talenten kan gebruiken ten goede van de samenleving. In veel lage- en middeninkomenslanden zien we dat talent niet of onvoldoende tot ontwikkeling komt en organisaties onvoldoende in staat zijn het juiste talent [&hellip;]<\/p>\n","protected":false},"author":1,"featured_media":1738,"parent":35,"menu_order":0,"comment_status":"closed","ping_status":"closed","template":"","meta":{"footnotes":""},"paginagroep":[32],"soort-pagina":[28],"class_list":["post-1569","page","type-page","status-publish","has-post-thumbnail","hentry","paginagroep-over-ons","soort-pagina-standaard-contentpagina"],"_links":{"self":[{"href":"https:\/\/jobbooster-enterprises.com\/fr\/wp-json\/wp\/v2\/pages\/1569","targetHints":{"allow":["GET"]}}],"collection":[{"href":"https:\/\/jobbooster-enterprises.com\/fr\/wp-json\/wp\/v2\/pages"}],"about":[{"href":"https:\/\/jobbooster-enterprises.com\/fr\/wp-json\/wp\/v2\/types\/page"}],"author":[{"embeddable":true,"href":"https:\/\/jobbooster-enterprises.com\/fr\/wp-json\/wp\/v2\/users\/1"}],"replies":[{"embeddable":true,"href":"https:\/\/jobbooster-enterprises.com\/fr\/wp-json\/wp\/v2\/comments?post=1569"}],"version-history":[{"count":4,"href":"https:\/\/jobbooster-enterprises.com\/fr\/wp-json\/wp\/v2\/pages\/1569\/revisions"}],"predecessor-version":[{"id":2051,"href":"https:\/\/jobbooster-enterprises.com\/fr\/wp-json\/wp\/v2\/pages\/1569\/revisions\/2051"}],"up":[{"embeddable":true,"href":"https:\/\/jobbooster-enterprises.com\/fr\/wp-json\/wp\/v2\/pages\/35"}],"wp:featuredmedia":[{"embeddable":true,"href":"https:\/\/jobbooster-enterprises.com\/fr\/wp-json\/wp\/v2\/media\/1738"}],"wp:attachment":[{"href":"https:\/\/jobbooster-enterprises.com\/fr\/wp-json\/wp\/v2\/media?parent=1569"}],"wp:term":[{"taxonomy":"paginagroep","embeddable":true,"href":"https:\/\/jobbooster-enterprises.com\/fr\/wp-json\/wp\/v2\/paginagroep?post=1569"},{"taxonomy":"soort-pagina","embeddable":true,"href":"https:\/\/jobbooster-enterprises.com\/fr\/wp-json\/wp\/v2\/soort-pagina?post=1569"}],"curies":[{"name":"wp","href":"https:\/\/api.w.org\/{rel}","templated":true}]}}