{"id":820,"date":"2022-05-19T15:50:33","date_gmt":"2022-05-19T13:50:33","guid":{"rendered":"https:\/\/jobbooster-enterprises.com\/?page_id=820"},"modified":"2022-08-15T10:34:41","modified_gmt":"2022-08-15T08:34:41","slug":"declaration-de-confidentialite","status":"publish","type":"page","link":"https:\/\/jobbooster-enterprises.com\/fr\/privacy-statement\/","title":{"rendered":"D\u00e9claration de confidentialit\u00e9"},"content":{"rendered":"<div data-elementor-type=\"wp-page\" data-elementor-id=\"820\" class=\"elementor elementor-820\" data-elementor-post-type=\"page\">\n\t\t\t\t\t\t<section class=\"elementor-section elementor-top-section elementor-element elementor-element-fc04a0f elementor-section-height-min-height elementor-section-boxed elementor-section-height-default elementor-section-items-middle\" data-id=\"fc04a0f\" data-element_type=\"section\" data-e-type=\"section\" data-settings=\"{&quot;background_background&quot;:&quot;classic&quot;,&quot;shape_divider_bottom_negative&quot;:&quot;yes&quot;,&quot;shape_divider_bottom&quot;:&quot;curve-asymmetrical&quot;}\">\n\t\t\t\t\t\t\t<div class=\"elementor-background-overlay\"><\/div>\n\t\t\t\t\t\t<div class=\"elementor-shape elementor-shape-bottom\" aria-hidden=\"true\" data-negative=\"true\">\n\t\t\t<svg xmlns=\"http:\/\/www.w3.org\/2000\/svg\" viewbox=\"0 0 1000 100\" preserveaspectratio=\"none\">\n\t<path class=\"elementor-shape-fill\" d=\"M615.2,96.7C240.2,97.8,0,18.9,0,0v100h1000V0C1000,19.2,989.8,96,615.2,96.7z\"\/>\n<\/svg>\t\t<\/div>\n\t\t\t\t\t<div class=\"elementor-container elementor-column-gap-default\">\n\t\t\t\t\t<div class=\"elementor-column elementor-col-100 elementor-top-column elementor-element elementor-element-2278984\" data-id=\"2278984\" data-element_type=\"column\" data-e-type=\"column\">\n\t\t\t<div class=\"elementor-widget-wrap elementor-element-populated\">\n\t\t\t\t\t\t<div class=\"elementor-element elementor-element-82b84e7 elementor-widget elementor-widget-heading\" data-id=\"82b84e7\" data-element_type=\"widget\" data-e-type=\"widget\" data-widget_type=\"heading.default\">\n\t\t\t\t<div class=\"elementor-widget-container\">\n\t\t\t\t\t<h3 class=\"elementor-heading-title elementor-size-default\">jobbooster-enterprises.com<\/h3>\t\t\t\t<\/div>\n\t\t\t\t<\/div>\n\t\t\t\t<div class=\"elementor-element elementor-element-694a5c9 elementor-widget elementor-widget-heading\" data-id=\"694a5c9\" data-element_type=\"widget\" data-e-type=\"widget\" data-widget_type=\"heading.default\">\n\t\t\t\t<div class=\"elementor-widget-container\">\n\t\t\t\t\t<h1 class=\"elementor-heading-title elementor-size-default\">D\u00e9claration de confidentialit\u00e9<\/h1>\t\t\t\t<\/div>\n\t\t\t\t<\/div>\n\t\t\t\t\t<\/div>\n\t\t<\/div>\n\t\t\t\t\t<\/div>\n\t\t<\/section>\n\t\t\t\t<section class=\"elementor-section elementor-top-section elementor-element elementor-element-5275685 elementor-section-boxed elementor-section-height-default elementor-section-height-default\" data-id=\"5275685\" data-element_type=\"section\" data-e-type=\"section\" data-settings=\"{&quot;background_background&quot;:&quot;classic&quot;}\">\n\t\t\t\t\t\t\t<div class=\"elementor-background-overlay\"><\/div>\n\t\t\t\t\t\t\t<div class=\"elementor-container elementor-column-gap-default\">\n\t\t\t\t\t<div class=\"elementor-column elementor-col-100 elementor-top-column elementor-element elementor-element-b9a1af0\" data-id=\"b9a1af0\" data-element_type=\"column\" data-e-type=\"column\">\n\t\t\t<div class=\"elementor-widget-wrap elementor-element-populated\">\n\t\t\t\t\t\t<div class=\"elementor-element elementor-element-945568c elementor-widget elementor-widget-text-editor\" data-id=\"945568c\" data-element_type=\"widget\" data-e-type=\"widget\" data-widget_type=\"text-editor.default\">\n\t\t\t\t<div class=\"elementor-widget-container\">\n\t\t\t\t\t\t\t\t\t<p>JobBooster Enterprises, situ\u00e9 \u00e0 Spijksedijk 16-E, 4207 GN Gorinchem, est responsable du traitement des donn\u00e9es personnelles, telles que<br \/>affich\u00e9 dans cette d\u00e9claration de confidentialit\u00e9.<\/p><h3>Coordonn\u00e9es de contact :<\/h3><ul><li>https:\/\/jobbooster-enterprises.com\/<\/li><li>Spijksedijk 16-E, 4207 GN Gorinchem<\/li><li>0183 611 800<\/li><\/ul><p>\u00a0<\/p><p>Victor van der Linden est le d\u00e9l\u00e9gu\u00e9 \u00e0 la protection des donn\u00e9es de JobBooster Enterprises, il peut \u00eatre joint \u00e0 l'adresse info@jobbooster-enterprises.com.<\/p><h3>Donn\u00e9es personnelles que nous traitons<\/h3><p>JobBooster Enterprises traite vos donn\u00e9es personnelles parce que vous utilisez nos services et\/ou parce que vous nous fournissez vous-m\u00eame ces donn\u00e9es. Vous trouverez ci-dessous<br \/>un aper\u00e7u des donn\u00e9es personnelles que nous traitons :<\/p><ul><li>Nom et pr\u00e9nom<\/li><li>Num\u00e9ro de t\u00e9l\u00e9phone<\/li><li>Adresse \u00e9lectronique<\/li><\/ul><div>\u00a0<\/div><h3>Donn\u00e9es personnelles sp\u00e9ciales et\/ou sensibles que nous traitons<\/h3><p>Notre site web et\/ou service n'a pas l'intention de collecter des donn\u00e9es sur les visiteurs du site web qui ont moins de 16 ans. Sauf s'ils ont la permission de leurs parents ou de leur tuteur. Cependant, nous ne pouvons pas v\u00e9rifier si un visiteur est \u00e2g\u00e9 de plus de 16 ans. Nous recommandons donc aux parents de s'impliquer dans les activit\u00e9s en ligne de leurs enfants, afin d'emp\u00eacher la collecte de donn\u00e9es sur les enfants sans l'autorisation des parents. Si vous \u00eates convaincu que nous avons collect\u00e9 des donn\u00e9es personnelles sur un mineur sans ce consentement, veuillez nous contacter \u00e0 l'adresse info@jobbooster-enterprises.com et nous supprimerons ces informations.<\/p><h3>Dans quel but et sur quelle base traitons-nous les donn\u00e9es personnelles ?<\/h3><p>JobBooster Enterprises traite vos donn\u00e9es personnelles aux fins suivantes :<\/p><ul><li>Pour pouvoir vous appeler ou vous envoyer un courrier \u00e9lectronique si cela est n\u00e9cessaire \u00e0 la r\u00e9alisation de nos services.<\/li><li>Pour vous informer des changements apport\u00e9s \u00e0 nos services et produits<\/li><li>Prise de d\u00e9cision automatis\u00e9e<\/li><\/ul><div>\u00a0<\/div><p>JobBooster Enterprises ne prend aucune d\u00e9cision bas\u00e9e sur un traitement automatis\u00e9 qui pourrait avoir des cons\u00e9quences (importantes).<br \/>pour les personnes.<\/p><h3>Combien de temps nous conservons les donn\u00e9es personnelles<\/h3><p>JobBooster Enterprises ne conservera pas vos donn\u00e9es personnelles plus longtemps que ce qui est strictement n\u00e9cessaire pour atteindre les objectifs pour lesquels les donn\u00e9es ont \u00e9t\u00e9 collect\u00e9es.<\/p><h3>Partage des donn\u00e9es personnelles avec des tiers<\/h3><p>JobBooster Enterprises ne vendra pas vos donn\u00e9es \u00e0 des tiers et ne les fournira \u00e0 des tiers que si cela est n\u00e9cessaire \u00e0 l'ex\u00e9cution de notre contrat avec vous ou pour se conformer \u00e0 des obligations l\u00e9gales. Nous conclurons un accord de traitement avec les soci\u00e9t\u00e9s qui traitent vos donn\u00e9es en notre nom, afin d'assurer le m\u00eame niveau de s\u00e9curit\u00e9 et de confidentialit\u00e9 de vos donn\u00e9es. JobBooster Enterprises reste responsable de ce traitement.<\/p><h3>Cookies, ou technologies similaires, que nous utilisons<\/h3><p>JobBooster Enterprises utilise des cookies fonctionnels, analytiques et de suivi. Un cookie est un petit fichier texte qui est stock\u00e9 dans le navigateur de votre ordinateur, tablette ou smartphone lors de votre premi\u00e8re visite sur ce site web. JobBooster Enterprises utilise des cookies ayant une fonctionnalit\u00e9 purement technique. Ils garantissent le bon fonctionnement du site web et la m\u00e9morisation de vos pr\u00e9f\u00e9rences, par exemple. Ces cookies sont \u00e9galement utilis\u00e9s pour s'assurer que le site web fonctionne correctement et pour l'optimiser. En outre, nous pla\u00e7ons des cookies qui suivent votre comportement de navigation afin de pouvoir vous proposer des contenus et des publicit\u00e9s sur mesure. Lors de votre premi\u00e8re visite sur notre site web, nous vous avons d\u00e9j\u00e0 inform\u00e9 de ces cookies et demand\u00e9 votre autorisation pour les placer. Vous pouvez vous d\u00e9sinscrire des cookies en configurant votre navigateur internet de mani\u00e8re \u00e0 ce qu'il ne stocke plus de cookies. En outre, vous pouvez supprimer toutes les informations qui ont \u00e9t\u00e9 pr\u00e9c\u00e9demment stock\u00e9es en utilisant les param\u00e8tres de votre navigateur. Pour une explication, voir : https:\/\/veiliginternetten.nl\/themes\/situatie\/cookies-wat-zijn-het-en-wat-doe-ik-ermee\/. Des cookies sont \u00e9galement plac\u00e9s sur ce site web par des tiers. Il s'agit notamment des annonceurs et\/ou des entreprises de m\u00e9dias sociaux.<\/p><h3>Visualisation, modification ou suppression de donn\u00e9es<\/h3><p>Vous avez le droit d'acc\u00e9der \u00e0 vos donn\u00e9es personnelles, de les corriger ou de les supprimer. Vous avez \u00e9galement le droit de retirer votre consentement au traitement des donn\u00e9es ou de vous opposer au traitement de vos donn\u00e9es personnelles par JobBooster Enterprises et vous avez le droit \u00e0 la portabilit\u00e9 des donn\u00e9es. Cela signifie que vous pouvez nous demander d'envoyer les donn\u00e9es personnelles dont nous disposons \u00e0 votre sujet dans un fichier informatique \u00e0 vous-m\u00eame ou \u00e0 une autre organisation que vous aurez d\u00e9sign\u00e9e. Vous pouvez envoyer une demande d'inspection, de correction, de suppression, de transfert de donn\u00e9es ou une demande de retrait de votre autorisation ou d'opposition au traitement de vos donn\u00e9es personnelles \u00e0 info@jobbooster-enterprises.com. Pour s'assurer que la demande d'inspection a \u00e9t\u00e9 faite par vous, nous vous demandons d'envoyer une copie de votre preuve d'identit\u00e9 avec la demande. Dans cette copie, veuillez noircir la photo de votre passeport, la MRZ (zone de lecture automatique, la bande avec les chiffres au bas du passeport), le num\u00e9ro du passeport et le num\u00e9ro de service citoyen (BSN). Ceci afin de prot\u00e9ger votre vie priv\u00e9e. Nous r\u00e9pondrons \u00e0 votre demande aussi rapidement que possible, mais dans un d\u00e9lai de quatre semaines. JobBooster Enterprises tient \u00e9galement \u00e0 vous signaler que vous avez la possibilit\u00e9 d'introduire une plainte aupr\u00e8s de l'autorit\u00e9 nationale de surveillance, l'Autoriteit Persoonsgegevens. Vous pouvez le faire via le lien suivant : https:\/\/autoriteitpersoonsgegevens.nl\/nl\/contact-met-de-autoriteit-persoonsgegevens\/tip-ons.<\/p><h3>Comment nous s\u00e9curisons les donn\u00e9es personnelles<\/h3><p>JobBooster Enterprises prend au s\u00e9rieux la protection de vos donn\u00e9es et prend les mesures appropri\u00e9es pour \u00e9viter toute utilisation abusive, perte, acc\u00e8s non autoris\u00e9, divulgation non souhait\u00e9e et modification non autoris\u00e9e. Si vous avez l'impression que vos donn\u00e9es ne sont pas correctement s\u00e9curis\u00e9es ou s'il existe des indices d'une mauvaise utilisation, veuillez nous contacter via info@jobbooster-enterprises.com.<\/p>\t\t\t\t\t\t\t\t<\/div>\n\t\t\t\t<\/div>\n\t\t\t\t<div class=\"elementor-element elementor-element-86db431 elementor-align-right elementor-widget__width-auto elementor-widget elementor-widget-button\" data-id=\"86db431\" data-element_type=\"widget\" data-e-type=\"widget\" data-widget_type=\"button.default\">\n\t\t\t\t<div class=\"elementor-widget-container\">\n\t\t\t\t\t\t\t\t\t<div class=\"elementor-button-wrapper\">\n\t\t\t\t\t<a class=\"elementor-button elementor-button-link elementor-size-md\" href=\"https:\/\/jobbooster-enterprises.com\/fr\/producten\/\">\n\t\t\t\t\t\t<span class=\"elementor-button-content-wrapper\">\n\t\t\t\t\t\t<span class=\"elementor-button-icon\">\n\t\t\t\t<i aria-hidden=\"true\" class=\"fas fa-angle-double-right\"><\/i>\t\t\t<\/span>\n\t\t\t\t\t\t\t\t\t<span class=\"elementor-button-text\">Voir nos produits<\/span>\n\t\t\t\t\t<\/span>\n\t\t\t\t\t<\/a>\n\t\t\t\t<\/div>\n\t\t\t\t\t\t\t\t<\/div>\n\t\t\t\t<\/div>\n\t\t\t\t\t<\/div>\n\t\t<\/div>\n\t\t\t\t\t<\/div>\n\t\t<\/section>\n\t\t\t\t<\/div>","protected":false},"excerpt":{"rendered":"<p>jobbooster-enterprises.com JobBooster Enterprises, gevestigd aan Spijksedijk 16-E, 4207 GN Gorinchem, is verantwoordelijk voor de verwerking van persoonsgegevens zoals weergegeven in deze privacyverklaring. Contactgegevens: https:\/\/jobbooster-enterprises.com\/ Spijksedijk 16-E, 4207 GN Gorinchem 0183 611 800 Victor van der Linden is de Functionaris Gegevensbescherming van JobBooster Enterprises, hij is te bereiken via info@jobbooster-enterprises.com Persoonsgegevens die wij verwerken JobBooster Enterprises [&hellip;]<\/p>\n","protected":false},"author":1,"featured_media":1751,"parent":0,"menu_order":0,"comment_status":"closed","ping_status":"closed","template":"","meta":{"footnotes":""},"paginagroep":[],"soort-pagina":[],"class_list":["post-820","page","type-page","status-publish","has-post-thumbnail","hentry"],"_links":{"self":[{"href":"https:\/\/jobbooster-enterprises.com\/fr\/wp-json\/wp\/v2\/pages\/820","targetHints":{"allow":["GET"]}}],"collection":[{"href":"https:\/\/jobbooster-enterprises.com\/fr\/wp-json\/wp\/v2\/pages"}],"about":[{"href":"https:\/\/jobbooster-enterprises.com\/fr\/wp-json\/wp\/v2\/types\/page"}],"author":[{"embeddable":true,"href":"https:\/\/jobbooster-enterprises.com\/fr\/wp-json\/wp\/v2\/users\/1"}],"replies":[{"embeddable":true,"href":"https:\/\/jobbooster-enterprises.com\/fr\/wp-json\/wp\/v2\/comments?post=820"}],"version-history":[{"count":5,"href":"https:\/\/jobbooster-enterprises.com\/fr\/wp-json\/wp\/v2\/pages\/820\/revisions"}],"predecessor-version":[{"id":2002,"href":"https:\/\/jobbooster-enterprises.com\/fr\/wp-json\/wp\/v2\/pages\/820\/revisions\/2002"}],"wp:featuredmedia":[{"embeddable":true,"href":"https:\/\/jobbooster-enterprises.com\/fr\/wp-json\/wp\/v2\/media\/1751"}],"wp:attachment":[{"href":"https:\/\/jobbooster-enterprises.com\/fr\/wp-json\/wp\/v2\/media?parent=820"}],"wp:term":[{"taxonomy":"paginagroep","embeddable":true,"href":"https:\/\/jobbooster-enterprises.com\/fr\/wp-json\/wp\/v2\/paginagroep?post=820"},{"taxonomy":"soort-pagina","embeddable":true,"href":"https:\/\/jobbooster-enterprises.com\/fr\/wp-json\/wp\/v2\/soort-pagina?post=820"}],"curies":[{"name":"wp","href":"https:\/\/api.w.org\/{rel}","templated":true}]}}